{"id":5084,"date":"2022-02-08T13:50:15","date_gmt":"2022-02-08T16:50:15","guid":{"rendered":"https:\/\/www.irdene.org.br\/irdene\/?page_id=5084"},"modified":"2022-02-14T20:25:40","modified_gmt":"2022-02-14T23:25:40","slug":"pas","status":"publish","type":"page","link":"https:\/\/www.irdene.org.br\/irdene\/pas\/","title":{"rendered":"PAS"},"content":{"rendered":"<div class=\"wpb-content-wrapper\"><p>[vc_row][vc_column width=&#8221;1\/2&#8243;][vc_single_image image=&#8221;5087&#8243;][\/vc_column][vc_column width=&#8221;1\/2&#8243;][vc_empty_space height=&#8221;24px&#8221;][vc_column_text]<\/p>\n<p><span style=\"color: #000080;\"><strong><span style=\"font-size: 18pt;\">PAS &#8211; Programa de Assist\u00eancia em Sa\u00fade<\/span><\/strong><\/span>[\/vc_column_text][\/vc_column][\/vc_row][vc_row][vc_column][vc_column_text]<span style=\"color: #000000;\"><strong><span style=\"font-size: 12pt;\">O PAS foi criado para preencher uma lacuna: invariavelmente, alunos e seus familiares, especialmente vindos de fora de BH, passam por diversas dificuldades na \u00e1rea da sa\u00fade. S\u00e3o diferentes vertentes para assistir alunos, associados e dependentes:<br \/>\n<em><span style=\"font-size: 10pt;\">=&gt; Atendimento ambulatorial pr\u00f3prio: Cl\u00ednica geral, Cardiologia e Pediatria.<\/span><\/em><br \/>\n<em><span style=\"font-size: 10pt;\">=&gt; Atendimento hospitalar, mediante conv\u00eanio com o Hospital Evang\u00e9lico<\/span><\/em><br \/>\n<em><span style=\"font-size: 10pt;\">=&gt; Atendimento m\u00e9dico descentralizado: m\u00e9dicos irm\u00e3os que atendem em seus consult\u00f3rios ou cl\u00ednicas <span style=\"color: #ff0000; font-size: 12pt;\">*<\/span><\/span><\/em><br \/>\n<em><span style=\"font-size: 10pt;\">=&gt; Atendimento odontol\u00f3gico<br \/>\n=&gt; Em projeto: policl\u00ednica m\u00e9dica <span style=\"font-size: 12pt; color: #ff0000;\">**<\/span><\/span><\/em><\/span><\/strong><\/span><\/p>\n<p><span style=\"font-size: 12pt;\"><span style=\"color: #000000;\"><strong><em><span style=\"color: #ff0000;\">*<\/span><\/em><\/strong><\/span> <span style=\"color: #000000;\"><strong>O PAS-IRDENE abriu oportunidades de cadastramento de profissionais m\u00e9dicos crist\u00e3os para atendimento descentralizado; para saber mais, use o recurso <\/strong><a href=\"https:\/\/www.irdene.org.br\/irdene\/\" target=\"_blank\" rel=\"noopener\"><span style=\"color: #000080; font-family: impact, sans-serif;\">CONTATO<\/span><\/a><strong>\u00a0na camada inferior da p\u00e1gina inicial!<\/strong><\/span><\/span><\/p>\n<p><span style=\"font-size: 12pt;\"><span style=\"color: #000000;\"><strong><em><span style=\"color: #ff0000;\">**<\/span><\/em><\/strong><\/span> <span style=\"color: #000000;\"><strong>Veja a maquete abaixo, referente ao projeto arquitet\u00f4nico j\u00e1 aprovado: &#8220;Edif\u00edcio Hermon&#8221;!<br \/>\nSe voc\u00ea \u00e9 profissional m\u00e9dico crist\u00e3o e se interessa em conhecer esse projeto do PAS-IRDENE, contacte, usando o recurso <\/strong><a href=\"https:\/\/www.irdene.org.br\/irdene\/\" target=\"_blank\" rel=\"noopener\"><span style=\"color: #000080; font-family: impact, sans-serif;\">CONTATO<\/span><\/a>\u00a0<strong>na camada inferior da p\u00e1gina inicial! <\/strong><strong>!\u00a0<\/strong><\/span><\/span><\/p>\n<p>[\/vc_column_text][vc_single_image image=&#8221;5113&#8243; img_size=&#8221;600&#215;375&#8243; alignment=&#8221;center&#8221; title=&#8221;Maquete Edif\u00edcio Hermon&#8221;][vc_column_text]<span style=\"color: #000000;\"><em><strong><span style=\"font-size: 12pt;\">Maiores informa\u00e7\u00f5es para usufruir, como associado, do PAS-IRDENE, procure por n\u00f3s no ambiente do semin\u00e1rio (<span style=\"color: #0000ff;\"><a style=\"color: #0000ff;\" href=\"https:\/\/www.seminariordne.org.br\" target=\"_blank\" rel=\"noopener\">www.seminariordne.org.br<\/a><\/span>).\u00a0\u00a0<\/span><\/strong><\/em><\/span>[\/vc_column_text][\/vc_column][\/vc_row][vc_row][vc_column][vc_single_image image=&#8221;5107&#8243; img_size=&#8221;full&#8221; alignment=&#8221;center&#8221;][\/vc_column][\/vc_row]<\/p>\n<\/div>","protected":false},"excerpt":{"rendered":"<p>[vc_row][vc_column width=&#8221;1\/2&#8243;][vc_single_image image=&#8221;5087&#8243;][\/vc_column][vc_column width=&#8221;1\/2&#8243;][vc_empty_space height=&#8221;24px&#8221;][vc_column_text] PAS &#8211; Programa de Assist\u00eancia em Sa\u00fade[\/vc_column_text][\/vc_column][\/vc_row][vc_row][vc_column][vc_column_text]O PAS foi criado para preencher uma lacuna: invariavelmente, alunos e seus familiares, especialmente vindos de fora de BH, passam por diversas dificuldades na \u00e1rea da sa\u00fade. S\u00e3o diferentes vertentes para assistir alunos, associados e dependentes: =&gt; Atendimento ambulatorial pr\u00f3prio: Cl\u00ednica geral, Cardiologia e [&hellip;]<\/p>\n","protected":false},"author":1,"featured_media":0,"parent":0,"menu_order":0,"comment_status":"closed","ping_status":"closed","template":"","meta":{"footnotes":""},"class_list":["post-5084","page","type-page","status-publish","hentry","no-post-thumbnail"],"_links":{"self":[{"href":"https:\/\/www.irdene.org.br\/irdene\/wp-json\/wp\/v2\/pages\/5084","targetHints":{"allow":["GET"]}}],"collection":[{"href":"https:\/\/www.irdene.org.br\/irdene\/wp-json\/wp\/v2\/pages"}],"about":[{"href":"https:\/\/www.irdene.org.br\/irdene\/wp-json\/wp\/v2\/types\/page"}],"author":[{"embeddable":true,"href":"https:\/\/www.irdene.org.br\/irdene\/wp-json\/wp\/v2\/users\/1"}],"replies":[{"embeddable":true,"href":"https:\/\/www.irdene.org.br\/irdene\/wp-json\/wp\/v2\/comments?post=5084"}],"version-history":[{"count":18,"href":"https:\/\/www.irdene.org.br\/irdene\/wp-json\/wp\/v2\/pages\/5084\/revisions"}],"predecessor-version":[{"id":5116,"href":"https:\/\/www.irdene.org.br\/irdene\/wp-json\/wp\/v2\/pages\/5084\/revisions\/5116"}],"wp:attachment":[{"href":"https:\/\/www.irdene.org.br\/irdene\/wp-json\/wp\/v2\/media?parent=5084"}],"curies":[{"name":"wp","href":"https:\/\/api.w.org\/{rel}","templated":true}]}}