{"id":4877,"date":"2019-12-11T09:41:05","date_gmt":"2019-12-11T12:41:05","guid":{"rendered":"http:\/\/www.irdene.org.br\/irdene\/?page_id=4877"},"modified":"2025-06-06T18:39:58","modified_gmt":"2025-06-06T21:39:58","slug":"contribuicoes","status":"publish","type":"page","link":"https:\/\/www.irdene.org.br\/irdene\/contribuicoes\/","title":{"rendered":"Contribui\u00e7\u00f5es"},"content":{"rendered":"<div class=\"wpb-content-wrapper\"><p>[vc_row][vc_column][vc_single_image image=&#8221;5154&#8243; img_size=&#8221;full&#8221; alignment=&#8221;center&#8221;][\/vc_column][\/vc_row][vc_row full_width=&#8221;stretch_row&#8221;][vc_column width=&#8221;1\/3&#8243;][vc_btn title=&#8221;Fundadores R$70,00 (mensais)&#8221; color=&#8221;primary&#8221; size=&#8221;lg&#8221; link=&#8221;|title:Fundadores%20%E2%80%93%20Recorr%C3%AAncia%20Mensal||&#8221;][\/vc_column][vc_column width=&#8221;1\/3&#8243;][vc_btn title=&#8221;Efetivo &#8211; Pessoa F\u00edsica R$70,00 (mensais)&#8221; color=&#8221;primary&#8221; size=&#8221;lg&#8221; link=&#8221;url:https%3A%2F%2Fwww.irdene.org.br%2Firdene%2Fwp-content%2Fuploads%2F2021%2F03%2FFicha-de-inscricao-IRDENE-Ass-Efetivo.pdf||target:%20_blank|&#8221;][\/vc_column][vc_column width=&#8221;1\/3&#8243;][vc_btn title=&#8221;Efetivo &#8211; Pessoa Jur\u00eddica R$185,00 (mensais)&#8221; color=&#8221;primary&#8221; size=&#8221;lg&#8221; link=&#8221;url:https%3A%2F%2Fwww.irdene.org.br%2Firdene%2Fwp-content%2Fuploads%2F2021%2F03%2FFicha-de-inscricao-IRDENE-Ass-Efetivo.pdf||target:%20_blank|&#8221;][\/vc_column][\/vc_row][vc_row full_width=&#8221;stretch_row&#8221;][vc_column width=&#8221;1\/3&#8243;][vc_btn title=&#8221;Contribuinte &#8211; Pessoa Fisica R$35,00 (mensais)&#8221; color=&#8221;primary&#8221; size=&#8221;lg&#8221; link=&#8221;url:https%3A%2F%2Fwww.irdene.org.br%2Firdene%2Fwp-content%2Fuploads%2F2021%2F03%2FFicha-de-inscricao-IRDENE-Ass-Contribuinte.pdf|title:Contribuintes%20%E2%80%93%20Pessoa%20F%C3%ADsica|target:%20_blank|&#8221;][\/vc_column][vc_column width=&#8221;1\/3&#8243;][vc_btn title=&#8221;Contribuinte &#8211; Pessoa Jur\u00eddica R$125,00 (mensais)&#8221; color=&#8221;primary&#8221; size=&#8221;lg&#8221; custom_onclick=&#8221;true&#8221; link=&#8221;url:https%3A%2F%2Fwww.irdene.org.br%2Firdene%2Fwp-content%2Fuploads%2F2021%2F03%2FFicha-de-inscricao-IRDENE-Ass-Contribuinte.pdf|title:Contribuintes%20%E2%80%93%20Pessoa%20F%C3%ADsica|target:%20_blank|&#8221;][\/vc_column][vc_column width=&#8221;1\/3&#8243;][vc_btn title=&#8221;Usu\u00e1rio Estudantil R$35,00 (semestrais)&#8221; color=&#8221;primary&#8221; size=&#8221;lg&#8221; link=&#8221;url:https%3A%2F%2Fwww.irdene.org.br%2Firdene%2Fwp-content%2Fuploads%2F2021%2F03%2FFicha-de-inscricao-IRDENE-UsEst.pdf|title:Estudantes|target:%20_blank|&#8221;][\/vc_column][\/vc_row][vc_row][vc_column][vc_column_text]<span style=\"color: #800000;\"><strong><span style=\"font-size: 12pt;\">Nos bot\u00f5es acima h\u00e1 hiperlinks pelos quais voc\u00ea pode baixar a ficha de ades\u00e3o. Ao preencher a ficha, assine e envie atrav\u00e9s do bot\u00e3o de <em>upload<\/em> abaixo.<\/span><\/strong><\/span>[\/vc_column_text][\/vc_column][\/vc_row][vc_row][vc_column]<script type=\"text\/javascript\">var gform;gform||(document.addEventListener(\"gform_main_scripts_loaded\",function(){gform.scriptsLoaded=!0}),window.addEventListener(\"DOMContentLoaded\",function(){gform.domLoaded=!0}),gform={domLoaded:!1,scriptsLoaded:!1,initializeOnLoaded:function(o){gform.domLoaded&&gform.scriptsLoaded?o():!gform.domLoaded&&gform.scriptsLoaded?window.addEventListener(\"DOMContentLoaded\",o):document.addEventListener(\"gform_main_scripts_loaded\",o)},hooks:{action:{},filter:{}},addAction:function(o,n,r,t){gform.addHook(\"action\",o,n,r,t)},addFilter:function(o,n,r,t){gform.addHook(\"filter\",o,n,r,t)},doAction:function(o){gform.doHook(\"action\",o,arguments)},applyFilters:function(o){return gform.doHook(\"filter\",o,arguments)},removeAction:function(o,n){gform.removeHook(\"action\",o,n)},removeFilter:function(o,n,r){gform.removeHook(\"filter\",o,n,r)},addHook:function(o,n,r,t,i){null==gform.hooks[o][n]&&(gform.hooks[o][n]=[]);var e=gform.hooks[o][n];null==i&&(i=n+\"_\"+e.length),gform.hooks[o][n].push({tag:i,callable:r,priority:t=null==t?10:t})},doHook:function(n,o,r){var t;if(r=Array.prototype.slice.call(r,1),null!=gform.hooks[n][o]&&((o=gform.hooks[n][o]).sort(function(o,n){return o.priority-n.priority}),o.forEach(function(o){\"function\"!=typeof(t=o.callable)&&(t=window[t]),\"action\"==n?t.apply(null,r):r[0]=t.apply(null,r)})),\"filter\"==n)return r[0]},removeHook:function(o,n,t,i){var r;null!=gform.hooks[o][n]&&(r=(r=gform.hooks[o][n]).filter(function(o,n,r){return!!(null!=i&&i!=o.tag||null!=t&&t!=o.priority)}),gform.hooks[o][n]=r)}});<\/script>\n                <div class='gf_browser_gecko gform_wrapper gform_legacy_markup_wrapper gform-theme--no-framework' data-form-theme='legacy' data-form-index='0' id='gform_wrapper_2' ><form method='post' enctype='multipart\/form-data'  id='gform_2'  action='\/irdene\/wp-json\/wp\/v2\/pages\/4877' data-formid='2' novalidate>\n                        <div class='gform-body gform_body'><ul id='gform_fields_2' class='gform_fields top_label form_sublabel_below description_below validation_below'><li id=\"field_2_2\" class=\"gfield gfield--type-text gfield_contains_required field_sublabel_below gfield--no-description field_description_below field_validation_below gfield_visibility_visible\"  data-js-reload=\"field_2_2\" ><label class='gfield_label gform-field-label' for='input_2_2'>Nome completo<span class=\"gfield_required\"><span class=\"gfield_required gfield_required_asterisk\">*<\/span><\/span><\/label><div class='ginput_container ginput_container_text'><input name='input_2' id='input_2_2' type='text' value='' class='medium'     aria-required=\"true\" aria-invalid=\"false\"   \/> <\/div><\/li><li id=\"field_2_3\" class=\"gfield gfield--type-fileupload field_sublabel_below gfield--no-description field_description_below field_validation_below gfield_visibility_visible\"  data-js-reload=\"field_2_3\" ><label class='gfield_label gform-field-label' for='gform_browse_button_2_3'>Envie o formul\u00e1rio<\/label><div class='ginput_container ginput_container_fileupload'><div id='gform_multifile_upload_2_3' data-settings='{&quot;runtimes&quot;:&quot;html5,flash,html4&quot;,&quot;browse_button&quot;:&quot;gform_browse_button_2_3&quot;,&quot;container&quot;:&quot;gform_multifile_upload_2_3&quot;,&quot;drop_element&quot;:&quot;gform_drag_drop_area_2_3&quot;,&quot;filelist&quot;:&quot;gform_preview_2_3&quot;,&quot;unique_names&quot;:true,&quot;file_data_name&quot;:&quot;file&quot;,&quot;url&quot;:&quot;https:\\\/\\\/www.irdene.org.br\\\/irdene\\\/?gf_page=f5caf0e4b2e7a61&quot;,&quot;flash_swf_url&quot;:&quot;https:\\\/\\\/www.irdene.org.br\\\/irdene\\\/wp-includes\\\/js\\\/plupload\\\/plupload.flash.swf&quot;,&quot;silverlight_xap_url&quot;:&quot;https:\\\/\\\/www.irdene.org.br\\\/irdene\\\/wp-includes\\\/js\\\/plupload\\\/plupload.silverlight.xap&quot;,&quot;filters&quot;:{&quot;mime_types&quot;:[{&quot;title&quot;:&quot;Extens\\u00f5es permitidas&quot;,&quot;extensions&quot;:&quot;*&quot;}],&quot;max_file_size&quot;:&quot;2147483648b&quot;},&quot;multipart&quot;:true,&quot;urlstream_upload&quot;:false,&quot;multipart_params&quot;:{&quot;form_id&quot;:2,&quot;field_id&quot;:3},&quot;gf_vars&quot;:{&quot;max_files&quot;:0,&quot;message_id&quot;:&quot;gform_multifile_messages_2_3&quot;,&quot;disallowed_extensions&quot;:[&quot;php&quot;,&quot;asp&quot;,&quot;aspx&quot;,&quot;cmd&quot;,&quot;csh&quot;,&quot;bat&quot;,&quot;html&quot;,&quot;htm&quot;,&quot;hta&quot;,&quot;jar&quot;,&quot;exe&quot;,&quot;com&quot;,&quot;js&quot;,&quot;lnk&quot;,&quot;htaccess&quot;,&quot;phtml&quot;,&quot;ps1&quot;,&quot;ps2&quot;,&quot;php3&quot;,&quot;php4&quot;,&quot;php5&quot;,&quot;php6&quot;,&quot;py&quot;,&quot;rb&quot;,&quot;tmp&quot;]}}' class='gform_fileupload_multifile'>\n\t\t\t\t\t\t\t\t\t\t<div id='gform_drag_drop_area_2_3' class='gform_drop_area gform-theme-field-control'>\n\t\t\t\t\t\t\t\t\t\t\t<span class='gform_drop_instructions'>Solte arquivos aqui ou <\/span>\n\t\t\t\t\t\t\t\t\t\t\t<button type='button' id='gform_browse_button_2_3' class='button gform_button_select_files gform-theme-button gform-theme-button--control' aria-describedby=\"gfield_upload_rules_2_3\"  >Selecione os arquivos<\/button>\n\t\t\t\t\t\t\t\t\t\t<\/div>\n\t\t\t\t\t\t\t\t\t<\/div><span class='gfield_description gform_fileupload_rules' id='gfield_upload_rules_2_3'>M\u00e1x. tamanho do arquivo: 2 GB.<\/span><ul class='validation_message--hidden-on-empty gform-ul-reset' id='gform_multifile_messages_2_3'><\/ul> <!-- Leave <ul> empty to support CSS :empty selector. --><\/div><div id='gform_preview_2_3' class='ginput_preview_list'><\/div><\/li><li id=\"field_2_4\" class=\"gfield gfield--type-captcha field_sublabel_below gfield--no-description field_description_below field_validation_below gfield_visibility_visible\"  data-js-reload=\"field_2_4\" ><label class='gfield_label gform-field-label' for='input_2_4'>CAPTCHA<\/label><div id='input_2_4' class='ginput_container ginput_recaptcha' data-sitekey='6LdX42gaAAAAAFYW0-Uo7niInt_MmMS5nDkYatSo'  data-theme='light' data-tabindex='-1' data-size='invisible' data-badge='bottomright'><\/div><\/li><\/ul><\/div>\n        <div class='gform_footer top_label'> <input type='submit' id='gform_submit_button_2' class='gform_button button' value='Enviar'  onclick='if(window[\"gf_submitting_2\"]){return false;}  if( !jQuery(\"#gform_2\")[0].checkValidity || jQuery(\"#gform_2\")[0].checkValidity()){window[\"gf_submitting_2\"]=true;}  ' onkeypress='if( event.keyCode == 13 ){ if(window[\"gf_submitting_2\"]){return false;} if( !jQuery(\"#gform_2\")[0].checkValidity || jQuery(\"#gform_2\")[0].checkValidity()){window[\"gf_submitting_2\"]=true;}  jQuery(\"#gform_2\").trigger(\"submit\",[true]); }' \/> \n            <input type='hidden' class='gform_hidden' name='is_submit_2' value='1' \/>\n            <input type='hidden' class='gform_hidden' name='gform_submit' value='2' \/>\n            \n            <input type='hidden' class='gform_hidden' name='gform_unique_id' value='' \/>\n            <input type='hidden' class='gform_hidden' name='state_2' value='WyJbXSIsImY1MWVjN2FhYjBhMjEyOTEyOWQzMzllNDgyNTJiMzJmIl0=' \/>\n            <input type='hidden' class='gform_hidden' name='gform_target_page_number_2' id='gform_target_page_number_2' value='0' \/>\n            <input type='hidden' class='gform_hidden' name='gform_source_page_number_2' id='gform_source_page_number_2' value='1' \/>\n            <input type='hidden' name='gform_field_values' value='' \/>\n            <input type='hidden' name='gform_uploaded_files' id='gform_uploaded_files_2' value='' \/>\n        <\/div>\n                        <\/form>\n                        <\/div><script type=\"text\/javascript\">\n\/* <![CDATA[ *\/\n gform.initializeOnLoaded( function() {gformInitSpinner( 2, 'https:\/\/www.irdene.org.br\/irdene\/wp-content\/plugins\/gravityforms\/images\/spinner.svg', true );jQuery('#gform_ajax_frame_2').on('load',function(){var contents = jQuery(this).contents().find('*').html();var is_postback = contents.indexOf('GF_AJAX_POSTBACK') >= 0;if(!is_postback){return;}var form_content = jQuery(this).contents().find('#gform_wrapper_2');var is_confirmation = jQuery(this).contents().find('#gform_confirmation_wrapper_2').length > 0;var is_redirect = contents.indexOf('gformRedirect(){') >= 0;var is_form = form_content.length > 0 && ! is_redirect && ! is_confirmation;var mt = parseInt(jQuery('html').css('margin-top'), 10) + parseInt(jQuery('body').css('margin-top'), 10) + 100;if(is_form){jQuery('#gform_wrapper_2').html(form_content.html());if(form_content.hasClass('gform_validation_error')){jQuery('#gform_wrapper_2').addClass('gform_validation_error');} else {jQuery('#gform_wrapper_2').removeClass('gform_validation_error');}setTimeout( function() { \/* delay the scroll by 50 milliseconds to fix a bug in chrome *\/  }, 50 );if(window['gformInitDatepicker']) {gformInitDatepicker();}if(window['gformInitPriceFields']) {gformInitPriceFields();}var current_page = jQuery('#gform_source_page_number_2').val();gformInitSpinner( 2, 'https:\/\/www.irdene.org.br\/irdene\/wp-content\/plugins\/gravityforms\/images\/spinner.svg', true );jQuery(document).trigger('gform_page_loaded', [2, current_page]);window['gf_submitting_2'] = false;}else if(!is_redirect){var confirmation_content = jQuery(this).contents().find('.GF_AJAX_POSTBACK').html();if(!confirmation_content){confirmation_content = contents;}jQuery('#gform_wrapper_2').replaceWith(confirmation_content);jQuery(document).trigger('gform_confirmation_loaded', [2]);window['gf_submitting_2'] = false;wp.a11y.speak(jQuery('#gform_confirmation_message_2').text());}else{jQuery('#gform_2').append(contents);if(window['gformRedirect']) {gformRedirect();}}jQuery(document).trigger(\"gform_pre_post_render\", [{ formId: \"2\", currentPage: \"current_page\", abort: function() { this.preventDefault(); } }]);                if (event && event.defaultPrevented) {                return;         }        const gformWrapperDiv = document.getElementById( \"gform_wrapper_2\" );        if ( gformWrapperDiv ) {            const visibilitySpan = document.createElement( \"span\" );            visibilitySpan.id = \"gform_visibility_test_2\";            gformWrapperDiv.insertAdjacentElement( \"afterend\", visibilitySpan );        }        const visibilityTestDiv = document.getElementById( \"gform_visibility_test_2\" );        let postRenderFired = false;                function triggerPostRender() {            if ( postRenderFired ) {                return;            }            postRenderFired = true;            jQuery( document ).trigger( 'gform_post_render', [2, current_page] );            gform.utils.trigger( { event: 'gform\/postRender', native: false, data: { formId: 2, currentPage: current_page } } );            if ( visibilityTestDiv ) {                visibilityTestDiv.parentNode.removeChild( visibilityTestDiv );            }        }        function debounce( func, wait, immediate ) {            var timeout;            return function() {                var context = this, args = arguments;                var later = function() {                    timeout = null;                    if ( !immediate ) func.apply( context, args );                };                var callNow = immediate && !timeout;                clearTimeout( timeout );                timeout = setTimeout( later, wait );                if ( callNow ) func.apply( context, args );            };        }        const debouncedTriggerPostRender = debounce( function() {            triggerPostRender();        }, 200 );        if ( visibilityTestDiv && visibilityTestDiv.offsetParent === null ) {            const observer = new MutationObserver( ( mutations ) => {                mutations.forEach( ( mutation ) => {                    if ( mutation.type === 'attributes' && visibilityTestDiv.offsetParent !== null ) {                        debouncedTriggerPostRender();                        observer.disconnect();                    }                });            });            observer.observe( document.body, {                attributes: true,                childList: false,                subtree: true,                attributeFilter: [ 'style', 'class' ],            });        } else {            triggerPostRender();        }    } );} ); \n\/* ]]> *\/\n<\/script>\n[\/vc_column][\/vc_row]<\/p>\n<\/div>","protected":false},"excerpt":{"rendered":"<p>[vc_row][vc_column][vc_single_image image=&#8221;5154&#8243; img_size=&#8221;full&#8221; alignment=&#8221;center&#8221;][\/vc_column][\/vc_row][vc_row full_width=&#8221;stretch_row&#8221;][vc_column width=&#8221;1\/3&#8243;][vc_btn title=&#8221;Fundadores R$70,00 (mensais)&#8221; color=&#8221;primary&#8221; size=&#8221;lg&#8221; link=&#8221;|title:Fundadores%20%E2%80%93%20Recorr%C3%AAncia%20Mensal||&#8221;][\/vc_column][vc_column width=&#8221;1\/3&#8243;][vc_btn title=&#8221;Efetivo &#8211; Pessoa F\u00edsica R$70,00 (mensais)&#8221; color=&#8221;primary&#8221; size=&#8221;lg&#8221; link=&#8221;url:https%3A%2F%2Fwww.irdene.org.br%2Firdene%2Fwp-content%2Fuploads%2F2021%2F03%2FFicha-de-inscricao-IRDENE-Ass-Efetivo.pdf||target:%20_blank|&#8221;][\/vc_column][vc_column width=&#8221;1\/3&#8243;][vc_btn title=&#8221;Efetivo &#8211; Pessoa Jur\u00eddica R$185,00 (mensais)&#8221; color=&#8221;primary&#8221; size=&#8221;lg&#8221; link=&#8221;url:https%3A%2F%2Fwww.irdene.org.br%2Firdene%2Fwp-content%2Fuploads%2F2021%2F03%2FFicha-de-inscricao-IRDENE-Ass-Efetivo.pdf||target:%20_blank|&#8221;][\/vc_column][\/vc_row][vc_row full_width=&#8221;stretch_row&#8221;][vc_column width=&#8221;1\/3&#8243;][vc_btn title=&#8221;Contribuinte &#8211; Pessoa Fisica R$35,00 (mensais)&#8221; color=&#8221;primary&#8221; size=&#8221;lg&#8221; link=&#8221;url:https%3A%2F%2Fwww.irdene.org.br%2Firdene%2Fwp-content%2Fuploads%2F2021%2F03%2FFicha-de-inscricao-IRDENE-Ass-Contribuinte.pdf|title:Contribuintes%20%E2%80%93%20Pessoa%20F%C3%ADsica|target:%20_blank|&#8221;][\/vc_column][vc_column width=&#8221;1\/3&#8243;][vc_btn title=&#8221;Contribuinte &#8211; Pessoa Jur\u00eddica R$125,00 (mensais)&#8221; color=&#8221;primary&#8221; size=&#8221;lg&#8221; custom_onclick=&#8221;true&#8221; link=&#8221;url:https%3A%2F%2Fwww.irdene.org.br%2Firdene%2Fwp-content%2Fuploads%2F2021%2F03%2FFicha-de-inscricao-IRDENE-Ass-Contribuinte.pdf|title:Contribuintes%20%E2%80%93%20Pessoa%20F%C3%ADsica|target:%20_blank|&#8221;][\/vc_column][vc_column width=&#8221;1\/3&#8243;][vc_btn [&hellip;]<\/p>\n","protected":false},"author":1,"featured_media":0,"parent":0,"menu_order":0,"comment_status":"closed","ping_status":"closed","template":"","meta":{"footnotes":""},"class_list":["post-4877","page","type-page","status-publish","hentry","no-post-thumbnail"],"_links":{"self":[{"href":"https:\/\/www.irdene.org.br\/irdene\/wp-json\/wp\/v2\/pages\/4877","targetHints":{"allow":["GET"]}}],"collection":[{"href":"https:\/\/www.irdene.org.br\/irdene\/wp-json\/wp\/v2\/pages"}],"about":[{"href":"https:\/\/www.irdene.org.br\/irdene\/wp-json\/wp\/v2\/types\/page"}],"author":[{"embeddable":true,"href":"https:\/\/www.irdene.org.br\/irdene\/wp-json\/wp\/v2\/users\/1"}],"replies":[{"embeddable":true,"href":"https:\/\/www.irdene.org.br\/irdene\/wp-json\/wp\/v2\/comments?post=4877"}],"version-history":[{"count":36,"href":"https:\/\/www.irdene.org.br\/irdene\/wp-json\/wp\/v2\/pages\/4877\/revisions"}],"predecessor-version":[{"id":5155,"href":"https:\/\/www.irdene.org.br\/irdene\/wp-json\/wp\/v2\/pages\/4877\/revisions\/5155"}],"wp:attachment":[{"href":"https:\/\/www.irdene.org.br\/irdene\/wp-json\/wp\/v2\/media?parent=4877"}],"curies":[{"name":"wp","href":"https:\/\/api.w.org\/{rel}","templated":true}]}}